{"id":48601,"date":"2023-01-29T21:40:55","date_gmt":"2023-01-29T20:40:55","guid":{"rendered":"https:\/\/stagingsax.admin-developer.com\/?product=legere-classic-plastic-reed-for-soprano-1-pc"},"modified":"2025-01-24T12:42:03","modified_gmt":"2025-01-24T12:42:03","slug":"legere-classic-plastic-reed-for-soprano-1-pc","status":"publish","type":"product","link":"https:\/\/saxcompany.nl\/en\/product\/legere-classic-plastic-reed-for-soprano-1-pc\/","title":{"rendered":"L\u00e9g\u00e8re Classic plastic reed for  soprano (1 pc)"},"content":{"rendered":"<p><strong>L\u00e9g\u00e8re Classic plastic reeds for\u00a0 soprano (1 pcs).<\/strong><\/p>\n<p>L\u00e9g\u00e8re Reeds produces premium synthetic clarinet and saxophone reeds. They are used by players in the world&#8217;s most prestigious orchestras, including both the Berlin and Vienna Philharmonic Orchestras, as well as top session pros in New York and Los Angeles. They produce a big, rich sound, but have all the advantages of a synthetic reed.<\/p>\n","protected":false},"excerpt":{"rendered":"<p>L\u00e9g\u00e8re Classic plastic reeds for\u00a0 soprano (1 pcs).<\/p>\n<p>L\u00e9g\u00e8re Reeds produces premium synthetic clarinet and saxophone reeds. They are used by players in the world&#8217;s most prestigious orchestras, including both the Berlin and Vienna Philharmonic Orchestras, as well as top session pros in New York and Los Angeles. They produce a big, rich sound, but have all the advantages of a synthetic reed.<\/p>\n","protected":false},"featured_media":22763,"comment_status":"open","ping_status":"closed","template":"","meta":{"_acf_changed":false},"product_brand":[1045],"product_cat":[491,489,378,488],"product_tag":[],"class_list":{"0":"post-48601","1":"product","2":"type-product","3":"status-publish","4":"has-post-thumbnail","6":"product_brand-legere","7":"product_cat-per-piece-reeds-for-soprano-sax","8":"product_cat-plastic-reeds-reeds-for-soprano-sax","9":"product_cat-reed","10":"product_cat-reeds-for-soprano","11":"brand-legere-en","13":"first","14":"instock","15":"taxable","16":"shipping-taxable","17":"purchasable","18":"product-type-simple"},"acf":[],"yoast_head":"<!-- This site is optimized with the Yoast SEO plugin v27.5 - https:\/\/yoast.com\/product\/yoast-seo-wordpress\/ -->\n<title>L\u00e9g\u00e8re Classic plastic reed for soprano (1 pc) - SaxCompany.nl<\/title>\n<meta name=\"robots\" content=\"index, follow, max-snippet:-1, max-image-preview:large, max-video-preview:-1\" \/>\n<link rel=\"canonical\" href=\"https:\/\/saxcompany.nl\/en\/product\/legere-classic-plastic-reed-for-soprano-1-pc\/\" \/>\n<meta property=\"og:locale\" content=\"en_US\" \/>\n<meta property=\"og:type\" content=\"article\" \/>\n<meta property=\"og:title\" content=\"L\u00e9g\u00e8re Classic plastic reed for soprano (1 pc) - SaxCompany.nl\" \/>\n<meta property=\"og:description\" content=\"L\u00e9g\u00e8re Classic plastic reeds for\u00a0 soprano (1 pcs).  L\u00e9g\u00e8re Reeds produces premium synthetic clarinet and saxophone reeds. They are used by players in the world&#039;s most prestigious orchestras, including both the Berlin and Vienna Philharmonic Orchestras, as well as top session pros in New York and Los Angeles. They produce a big, rich sound, but have all the advantages of a synthetic reed.\" \/>\n<meta property=\"og:url\" content=\"https:\/\/saxcompany.nl\/en\/product\/legere-classic-plastic-reed-for-soprano-1-pc\/\" \/>\n<meta property=\"og:site_name\" content=\"SaxCompany.nl\" \/>\n<meta property=\"article:modified_time\" content=\"2025-01-24T12:42:03+00:00\" \/>\n<meta property=\"og:image\" content=\"https:\/\/saxcompany.nl\/wp-content\/uploads\/2024\/06\/leg20sop.png\" \/>\n\t<meta property=\"og:image:width\" content=\"500\" \/>\n\t<meta property=\"og:image:height\" content=\"500\" \/>\n\t<meta property=\"og:image:type\" content=\"image\/png\" \/>\n<meta name=\"twitter:card\" content=\"summary_large_image\" \/>\n<script type=\"application\/ld+json\" class=\"yoast-schema-graph\">{\"@context\":\"https:\\\/\\\/schema.org\",\"@graph\":[{\"@type\":\"WebPage\",\"@id\":\"https:\\\/\\\/saxcompany.nl\\\/en\\\/product\\\/legere-classic-plastic-reed-for-soprano-1-pc\\\/\",\"url\":\"https:\\\/\\\/saxcompany.nl\\\/en\\\/product\\\/legere-classic-plastic-reed-for-soprano-1-pc\\\/\",\"name\":\"L\u00e9g\u00e8re Classic plastic reed for soprano (1 pc) - SaxCompany.nl\",\"isPartOf\":{\"@id\":\"https:\\\/\\\/saxcompany.nl\\\/en\\\/#website\"},\"primaryImageOfPage\":{\"@id\":\"https:\\\/\\\/saxcompany.nl\\\/en\\\/product\\\/legere-classic-plastic-reed-for-soprano-1-pc\\\/#primaryimage\"},\"image\":{\"@id\":\"https:\\\/\\\/saxcompany.nl\\\/en\\\/product\\\/legere-classic-plastic-reed-for-soprano-1-pc\\\/#primaryimage\"},\"thumbnailUrl\":\"https:\\\/\\\/saxcompany.nl\\\/wp-content\\\/uploads\\\/2024\\\/06\\\/leg20sop.png\",\"datePublished\":\"2023-01-29T20:40:55+00:00\",\"dateModified\":\"2025-01-24T12:42:03+00:00\",\"breadcrumb\":{\"@id\":\"https:\\\/\\\/saxcompany.nl\\\/en\\\/product\\\/legere-classic-plastic-reed-for-soprano-1-pc\\\/#breadcrumb\"},\"inLanguage\":\"en-US\",\"potentialAction\":[{\"@type\":\"ReadAction\",\"target\":[\"https:\\\/\\\/saxcompany.nl\\\/en\\\/product\\\/legere-classic-plastic-reed-for-soprano-1-pc\\\/\"]}]},{\"@type\":\"ImageObject\",\"inLanguage\":\"en-US\",\"@id\":\"https:\\\/\\\/saxcompany.nl\\\/en\\\/product\\\/legere-classic-plastic-reed-for-soprano-1-pc\\\/#primaryimage\",\"url\":\"https:\\\/\\\/saxcompany.nl\\\/wp-content\\\/uploads\\\/2024\\\/06\\\/leg20sop.png\",\"contentUrl\":\"https:\\\/\\\/saxcompany.nl\\\/wp-content\\\/uploads\\\/2024\\\/06\\\/leg20sop.png\",\"width\":500,\"height\":500},{\"@type\":\"BreadcrumbList\",\"@id\":\"https:\\\/\\\/saxcompany.nl\\\/en\\\/product\\\/legere-classic-plastic-reed-for-soprano-1-pc\\\/#breadcrumb\",\"itemListElement\":[{\"@type\":\"ListItem\",\"position\":1,\"name\":\"Home\",\"item\":\"https:\\\/\\\/saxcompany.nl\\\/en\\\/\"},{\"@type\":\"ListItem\",\"position\":2,\"name\":\"Products\",\"item\":\"https:\\\/\\\/saxcompany.nl\\\/en\\\/shop\\\/\"},{\"@type\":\"ListItem\",\"position\":3,\"name\":\"L\u00e9g\u00e8re Classic plastic reed for soprano (1 pc)\"}]},{\"@type\":\"WebSite\",\"@id\":\"https:\\\/\\\/saxcompany.nl\\\/en\\\/#website\",\"url\":\"https:\\\/\\\/saxcompany.nl\\\/en\\\/\",\"name\":\"SaxCompany.nl\",\"description\":\"\",\"publisher\":{\"@id\":\"https:\\\/\\\/saxcompany.nl\\\/en\\\/#organization\"},\"potentialAction\":[{\"@type\":\"SearchAction\",\"target\":{\"@type\":\"EntryPoint\",\"urlTemplate\":\"https:\\\/\\\/saxcompany.nl\\\/en\\\/?s={search_term_string}\"},\"query-input\":{\"@type\":\"PropertyValueSpecification\",\"valueRequired\":true,\"valueName\":\"search_term_string\"}}],\"inLanguage\":\"en-US\"},{\"@type\":\"Organization\",\"@id\":\"https:\\\/\\\/saxcompany.nl\\\/en\\\/#organization\",\"name\":\"Saxcompany.nl\",\"url\":\"https:\\\/\\\/saxcompany.nl\\\/en\\\/\",\"logo\":{\"@type\":\"ImageObject\",\"inLanguage\":\"en-US\",\"@id\":\"https:\\\/\\\/saxcompany.nl\\\/en\\\/#\\\/schema\\\/logo\\\/image\\\/\",\"url\":\"https:\\\/\\\/saxcompany.nl\\\/wp-content\\\/uploads\\\/2024\\\/03\\\/logo-nl.png\",\"contentUrl\":\"https:\\\/\\\/saxcompany.nl\\\/wp-content\\\/uploads\\\/2024\\\/03\\\/logo-nl.png\",\"width\":269,\"height\":71,\"caption\":\"Saxcompany.nl\"},\"image\":{\"@id\":\"https:\\\/\\\/saxcompany.nl\\\/en\\\/#\\\/schema\\\/logo\\\/image\\\/\"}}]}<\/script>\n<!-- \/ Yoast SEO plugin. -->","yoast_head_json":{"title":"L\u00e9g\u00e8re Classic plastic reed for soprano (1 pc) - SaxCompany.nl","robots":{"index":"index","follow":"follow","max-snippet":"max-snippet:-1","max-image-preview":"max-image-preview:large","max-video-preview":"max-video-preview:-1"},"canonical":"https:\/\/saxcompany.nl\/en\/product\/legere-classic-plastic-reed-for-soprano-1-pc\/","og_locale":"en_US","og_type":"article","og_title":"L\u00e9g\u00e8re Classic plastic reed for soprano (1 pc) - SaxCompany.nl","og_description":"L\u00e9g\u00e8re Classic plastic reeds for\u00a0 soprano (1 pcs).  L\u00e9g\u00e8re Reeds produces premium synthetic clarinet and saxophone reeds. They are used by players in the world's most prestigious orchestras, including both the Berlin and Vienna Philharmonic Orchestras, as well as top session pros in New York and Los Angeles. They produce a big, rich sound, but have all the advantages of a synthetic reed.","og_url":"https:\/\/saxcompany.nl\/en\/product\/legere-classic-plastic-reed-for-soprano-1-pc\/","og_site_name":"SaxCompany.nl","article_modified_time":"2025-01-24T12:42:03+00:00","og_image":[{"width":500,"height":500,"url":"https:\/\/saxcompany.nl\/wp-content\/uploads\/2024\/06\/leg20sop.png","type":"image\/png"}],"twitter_card":"summary_large_image","schema":{"@context":"https:\/\/schema.org","@graph":[{"@type":"WebPage","@id":"https:\/\/saxcompany.nl\/en\/product\/legere-classic-plastic-reed-for-soprano-1-pc\/","url":"https:\/\/saxcompany.nl\/en\/product\/legere-classic-plastic-reed-for-soprano-1-pc\/","name":"L\u00e9g\u00e8re Classic plastic reed for soprano (1 pc) - SaxCompany.nl","isPartOf":{"@id":"https:\/\/saxcompany.nl\/en\/#website"},"primaryImageOfPage":{"@id":"https:\/\/saxcompany.nl\/en\/product\/legere-classic-plastic-reed-for-soprano-1-pc\/#primaryimage"},"image":{"@id":"https:\/\/saxcompany.nl\/en\/product\/legere-classic-plastic-reed-for-soprano-1-pc\/#primaryimage"},"thumbnailUrl":"https:\/\/saxcompany.nl\/wp-content\/uploads\/2024\/06\/leg20sop.png","datePublished":"2023-01-29T20:40:55+00:00","dateModified":"2025-01-24T12:42:03+00:00","breadcrumb":{"@id":"https:\/\/saxcompany.nl\/en\/product\/legere-classic-plastic-reed-for-soprano-1-pc\/#breadcrumb"},"inLanguage":"en-US","potentialAction":[{"@type":"ReadAction","target":["https:\/\/saxcompany.nl\/en\/product\/legere-classic-plastic-reed-for-soprano-1-pc\/"]}]},{"@type":"ImageObject","inLanguage":"en-US","@id":"https:\/\/saxcompany.nl\/en\/product\/legere-classic-plastic-reed-for-soprano-1-pc\/#primaryimage","url":"https:\/\/saxcompany.nl\/wp-content\/uploads\/2024\/06\/leg20sop.png","contentUrl":"https:\/\/saxcompany.nl\/wp-content\/uploads\/2024\/06\/leg20sop.png","width":500,"height":500},{"@type":"BreadcrumbList","@id":"https:\/\/saxcompany.nl\/en\/product\/legere-classic-plastic-reed-for-soprano-1-pc\/#breadcrumb","itemListElement":[{"@type":"ListItem","position":1,"name":"Home","item":"https:\/\/saxcompany.nl\/en\/"},{"@type":"ListItem","position":2,"name":"Products","item":"https:\/\/saxcompany.nl\/en\/shop\/"},{"@type":"ListItem","position":3,"name":"L\u00e9g\u00e8re Classic plastic reed for soprano (1 pc)"}]},{"@type":"WebSite","@id":"https:\/\/saxcompany.nl\/en\/#website","url":"https:\/\/saxcompany.nl\/en\/","name":"SaxCompany.nl","description":"","publisher":{"@id":"https:\/\/saxcompany.nl\/en\/#organization"},"potentialAction":[{"@type":"SearchAction","target":{"@type":"EntryPoint","urlTemplate":"https:\/\/saxcompany.nl\/en\/?s={search_term_string}"},"query-input":{"@type":"PropertyValueSpecification","valueRequired":true,"valueName":"search_term_string"}}],"inLanguage":"en-US"},{"@type":"Organization","@id":"https:\/\/saxcompany.nl\/en\/#organization","name":"Saxcompany.nl","url":"https:\/\/saxcompany.nl\/en\/","logo":{"@type":"ImageObject","inLanguage":"en-US","@id":"https:\/\/saxcompany.nl\/en\/#\/schema\/logo\/image\/","url":"https:\/\/saxcompany.nl\/wp-content\/uploads\/2024\/03\/logo-nl.png","contentUrl":"https:\/\/saxcompany.nl\/wp-content\/uploads\/2024\/03\/logo-nl.png","width":269,"height":71,"caption":"Saxcompany.nl"},"image":{"@id":"https:\/\/saxcompany.nl\/en\/#\/schema\/logo\/image\/"}}]}},"_links":{"self":[{"href":"https:\/\/saxcompany.nl\/en\/wp-json\/wp\/v2\/product\/48601","targetHints":{"allow":["GET"]}}],"collection":[{"href":"https:\/\/saxcompany.nl\/en\/wp-json\/wp\/v2\/product"}],"about":[{"href":"https:\/\/saxcompany.nl\/en\/wp-json\/wp\/v2\/types\/product"}],"replies":[{"embeddable":true,"href":"https:\/\/saxcompany.nl\/en\/wp-json\/wp\/v2\/comments?post=48601"}],"wp:featuredmedia":[{"embeddable":true,"href":"https:\/\/saxcompany.nl\/en\/wp-json\/wp\/v2\/media\/22763"}],"wp:attachment":[{"href":"https:\/\/saxcompany.nl\/en\/wp-json\/wp\/v2\/media?parent=48601"}],"wp:term":[{"taxonomy":"product_brand","embeddable":true,"href":"https:\/\/saxcompany.nl\/en\/wp-json\/wp\/v2\/product_brand?post=48601"},{"taxonomy":"product_cat","embeddable":true,"href":"https:\/\/saxcompany.nl\/en\/wp-json\/wp\/v2\/product_cat?post=48601"},{"taxonomy":"product_tag","embeddable":true,"href":"https:\/\/saxcompany.nl\/en\/wp-json\/wp\/v2\/product_tag?post=48601"}],"curies":[{"name":"wp","href":"https:\/\/api.w.org\/{rel}","templated":true}]}}